{"id":203,"date":"2025-08-18T10:19:46","date_gmt":"2025-08-18T10:19:46","guid":{"rendered":"https:\/\/www.piecesenstock-impro.fr\/WordPress\/?page_id=203"},"modified":"2025-12-26T19:16:46","modified_gmt":"2025-12-26T18:16:46","slug":"la-compagnie","status":"publish","type":"page","link":"https:\/\/www.piecesenstock-impro.fr\/index.php\/la-compagnie\/","title":{"rendered":"La compagnie"},"content":{"rendered":"\n<div class=\"wp-block-group\"><div class=\"wp-block-group__inner-container is-layout-constrained wp-block-group-is-layout-constrained\">\n<p><strong>Une association pour tous depuis 1999<\/strong><\/p>\n\n\n\n<p>Bas\u00e9e \u00e0 Francheville, du niveau d\u00e9butant \u00e0 celui de confirm\u00e9, Pi\u00e8ces en Stock enseigne<\/p>\n\n\n\n<p>cette discipline aux enfants, adolescents et adultes.<\/p>\n<\/div><\/div>\n\n\n\n<div class=\"wp-block-group\"><div class=\"wp-block-group__inner-container is-layout-constrained wp-block-group-is-layout-constrained\">\n<p><strong>Une association interg\u00e9n\u00e9rationnelle<\/strong><\/p>\n\n\n\n<p>50 adh\u00e9rents de 10 \u00e0 79 ans !<\/p>\n\n\n\n<p>Pour d\u00e9butants ou confirm\u00e9s.<\/p>\n<\/div><\/div>\n\n\n\n<div class=\"wp-block-group\"><div class=\"wp-block-group__inner-container is-layout-constrained wp-block-group-is-layout-constrained\">\n<p><strong>Une association o\u00f9 la convivialit\u00e9 est omnipr\u00e9sente<\/strong><\/p>\n\n\n\n<p>B\u00e9n\u00e9voles, joueurs et intervenants prolongent les moments<\/p>\n\n\n\n<p>de rencontres autour d\u2019un repas partag\u00e9 apr\u00e8s chaque prestation.<\/p>\n<\/div><\/div>\n\n\n\n<div class=\"wp-block-group\"><div class=\"wp-block-group__inner-container is-layout-constrained wp-block-group-is-layout-constrained\">\n<p><strong>Une \u00e9quipe p\u00e9dagogique compos\u00e9e de com\u00e9diens professionnels<\/strong><\/p>\n\n\n\n<p>Chaque semaine, 3 com\u00e9diens professionnels animent des ateliers aupr\u00e8s d\u2019enfants,<\/p>\n\n\n\n<p>d\u2019adolescents ou d\u2019adultes, d\u00e9butants ou confirm\u00e9s.<\/p>\n<\/div><\/div>\n\n\n\n<div class=\"wp-block-group\"><div class=\"wp-block-group__inner-container is-layout-constrained wp-block-group-is-layout-constrained\">\n<p><strong>De nombreuses repr\u00e9sentations \u00e0 l\u2019ann\u00e9e<\/strong><\/p>\n\n\n\n<p>Chaque ann\u00e9e, les com\u00e9diens de PES se produisent dans diff\u00e9rents lieux lyonnais :<\/p>\n\n\n\n<p>L\u2019iris de Francheville, l\u2019Improvidence, le Rem\u00e8de, le Caribrew\u2026<\/p>\n<\/div><\/div>\n\n\n\n<div class=\"wp-block-group\"><div class=\"wp-block-group__inner-container is-layout-constrained wp-block-group-is-layout-constrained\">\n<p><em>Il ne faudra pas nous en vouloir<\/em><\/p>\n\n\n\n<p><em>si vous devenez #addictimpro<\/em><\/p>\n<\/div><\/div>\n\n\n\n<div class=\"wp-block-group\"><div class=\"wp-block-group__inner-container is-layout-constrained wp-block-group-is-layout-constrained\">\n<p>\u2022 Bienveillance.<\/p>\n\n\n\n<p>\u2022 L\u00e2cher-prise,<\/p>\n\n\n\n<p>\u2022 Esprit d\u2019\u00e9quipe,<\/p>\n\n\n\n<p>\u2022 Confiance en soi,<\/p>\n\n\n\n<p><strong>Nos<\/strong><strong> valeurs<\/strong><\/p>\n\n\n\n<p>\u2022 Convivialit\u00e9<\/p>\n\n\n\n<p>\u2022 Qualit\u00e9 artistique,<\/p>\n\n\n\n<p>\u2022 P\u00e9dagogie,<\/p>\n\n\n\n<p>\u2022 Innovation, cr\u00e9ativit\u00e9<\/p>\n\n\n\n<p>\u2022 Respect des autres et de soi-m\u00eame,<\/p>\n\n\n\n<p>\u2022 Ecoute,<\/p>\n\n\n\n<p>\u2022 Plaisir de la rencontre et du jeu,<\/p>\n<\/div><\/div>\n","protected":false},"excerpt":{"rendered":"<p>Une association pour tous depuis 1999 Bas\u00e9e \u00e0 Francheville, du niveau d\u00e9butant \u00e0 celui de confirm\u00e9, Pi\u00e8ces en Stock enseigne cette discipline aux enfants, adolescents et adultes. Une association interg\u00e9n\u00e9rationnelle&#8230;<\/p>\n","protected":false},"author":1,"featured_media":0,"parent":0,"menu_order":0,"comment_status":"closed","ping_status":"closed","template":"","meta":{"_acf_changed":false,"_uag_custom_page_level_css":"","_kadence_starter_templates_imported_post":false,"_swpsp_post_exclude":false,"_kad_post_transparent":"","_kad_post_title":"","_kad_post_layout":"","_kad_post_sidebar_id":"","_kad_post_content_style":"","_kad_post_vertical_padding":"","_kad_post_feature":"","_kad_post_feature_position":"","_kad_post_header":false,"_kad_post_footer":false,"_kad_post_classname":"","footnotes":""},"class_list":["post-203","page","type-page","status-publish","hentry"],"acf":[],"yoast_head":"<!-- This site is optimized with the Yoast SEO plugin v27.3 - https:\/\/yoast.com\/product\/yoast-seo-wordpress\/ -->\n<title>La compagnie - Pieces en Stock<\/title>\n<meta name=\"robots\" content=\"index, follow, max-snippet:-1, max-image-preview:large, max-video-preview:-1\" \/>\n<link rel=\"canonical\" href=\"https:\/\/www.piecesenstock-impro.fr\/index.php\/la-compagnie\/\" \/>\n<meta property=\"og:locale\" content=\"fr_FR\" \/>\n<meta property=\"og:type\" content=\"article\" \/>\n<meta property=\"og:title\" content=\"La compagnie - Pieces en Stock\" \/>\n<meta property=\"og:description\" content=\"Une association pour tous depuis 1999 Bas\u00e9e \u00e0 Francheville, du niveau d\u00e9butant \u00e0 celui de confirm\u00e9, Pi\u00e8ces en Stock enseigne cette discipline aux enfants, adolescents et adultes. Une association interg\u00e9n\u00e9rationnelle...\" \/>\n<meta property=\"og:url\" content=\"https:\/\/www.piecesenstock-impro.fr\/index.php\/la-compagnie\/\" \/>\n<meta property=\"og:site_name\" content=\"Pieces en Stock\" \/>\n<meta property=\"article:modified_time\" content=\"2025-12-26T18:16:46+00:00\" \/>\n<meta name=\"twitter:card\" content=\"summary_large_image\" \/>\n<meta name=\"twitter:label1\" content=\"Dur\u00e9e de lecture estim\u00e9e\" \/>\n\t<meta name=\"twitter:data1\" content=\"1 minute\" \/>\n<script type=\"application\/ld+json\" class=\"yoast-schema-graph\">{\"@context\":\"https:\\\/\\\/schema.org\",\"@graph\":[{\"@type\":\"WebPage\",\"@id\":\"https:\\\/\\\/www.piecesenstock-impro.fr\\\/index.php\\\/la-compagnie\\\/\",\"url\":\"https:\\\/\\\/www.piecesenstock-impro.fr\\\/index.php\\\/la-compagnie\\\/\",\"name\":\"La compagnie - Pieces en Stock\",\"isPartOf\":{\"@id\":\"https:\\\/\\\/www.piecesenstock-impro.fr\\\/#website\"},\"datePublished\":\"2025-08-18T10:19:46+00:00\",\"dateModified\":\"2025-12-26T18:16:46+00:00\",\"breadcrumb\":{\"@id\":\"https:\\\/\\\/www.piecesenstock-impro.fr\\\/index.php\\\/la-compagnie\\\/#breadcrumb\"},\"inLanguage\":\"fr-FR\",\"potentialAction\":[{\"@type\":\"ReadAction\",\"target\":[\"https:\\\/\\\/www.piecesenstock-impro.fr\\\/index.php\\\/la-compagnie\\\/\"]}]},{\"@type\":\"BreadcrumbList\",\"@id\":\"https:\\\/\\\/www.piecesenstock-impro.fr\\\/index.php\\\/la-compagnie\\\/#breadcrumb\",\"itemListElement\":[{\"@type\":\"ListItem\",\"position\":1,\"name\":\"Accueil\",\"item\":\"https:\\\/\\\/www.piecesenstock-impro.fr\\\/\"},{\"@type\":\"ListItem\",\"position\":2,\"name\":\"La compagnie\"}]},{\"@type\":\"WebSite\",\"@id\":\"https:\\\/\\\/www.piecesenstock-impro.fr\\\/#website\",\"url\":\"https:\\\/\\\/www.piecesenstock-impro.fr\\\/\",\"name\":\"Pieces en Stock\",\"description\":\"Pes francheville\",\"publisher\":{\"@id\":\"https:\\\/\\\/www.piecesenstock-impro.fr\\\/#organization\"},\"potentialAction\":[{\"@type\":\"SearchAction\",\"target\":{\"@type\":\"EntryPoint\",\"urlTemplate\":\"https:\\\/\\\/www.piecesenstock-impro.fr\\\/?s={search_term_string}\"},\"query-input\":{\"@type\":\"PropertyValueSpecification\",\"valueRequired\":true,\"valueName\":\"search_term_string\"}}],\"inLanguage\":\"fr-FR\"},{\"@type\":\"Organization\",\"@id\":\"https:\\\/\\\/www.piecesenstock-impro.fr\\\/#organization\",\"name\":\"Pieces en Stock\",\"url\":\"https:\\\/\\\/www.piecesenstock-impro.fr\\\/\",\"logo\":{\"@type\":\"ImageObject\",\"inLanguage\":\"fr-FR\",\"@id\":\"https:\\\/\\\/www.piecesenstock-impro.fr\\\/#\\\/schema\\\/logo\\\/image\\\/\",\"url\":\"https:\\\/\\\/www.piecesenstock-impro.fr\\\/wp-content\\\/uploads\\\/2025\\\/07\\\/cropped-Rech-LOGO-PES-2025.png\",\"contentUrl\":\"https:\\\/\\\/www.piecesenstock-impro.fr\\\/wp-content\\\/uploads\\\/2025\\\/07\\\/cropped-Rech-LOGO-PES-2025.png\",\"width\":512,\"height\":512,\"caption\":\"Pieces en Stock\"},\"image\":{\"@id\":\"https:\\\/\\\/www.piecesenstock-impro.fr\\\/#\\\/schema\\\/logo\\\/image\\\/\"}}]}<\/script>\n<!-- \/ Yoast SEO plugin. -->","yoast_head_json":{"title":"La compagnie - Pieces en Stock","robots":{"index":"index","follow":"follow","max-snippet":"max-snippet:-1","max-image-preview":"max-image-preview:large","max-video-preview":"max-video-preview:-1"},"canonical":"https:\/\/www.piecesenstock-impro.fr\/index.php\/la-compagnie\/","og_locale":"fr_FR","og_type":"article","og_title":"La compagnie - Pieces en Stock","og_description":"Une association pour tous depuis 1999 Bas\u00e9e \u00e0 Francheville, du niveau d\u00e9butant \u00e0 celui de confirm\u00e9, Pi\u00e8ces en Stock enseigne cette discipline aux enfants, adolescents et adultes. Une association interg\u00e9n\u00e9rationnelle...","og_url":"https:\/\/www.piecesenstock-impro.fr\/index.php\/la-compagnie\/","og_site_name":"Pieces en Stock","article_modified_time":"2025-12-26T18:16:46+00:00","twitter_card":"summary_large_image","twitter_misc":{"Dur\u00e9e de lecture estim\u00e9e":"1 minute"},"schema":{"@context":"https:\/\/schema.org","@graph":[{"@type":"WebPage","@id":"https:\/\/www.piecesenstock-impro.fr\/index.php\/la-compagnie\/","url":"https:\/\/www.piecesenstock-impro.fr\/index.php\/la-compagnie\/","name":"La compagnie - Pieces en Stock","isPartOf":{"@id":"https:\/\/www.piecesenstock-impro.fr\/#website"},"datePublished":"2025-08-18T10:19:46+00:00","dateModified":"2025-12-26T18:16:46+00:00","breadcrumb":{"@id":"https:\/\/www.piecesenstock-impro.fr\/index.php\/la-compagnie\/#breadcrumb"},"inLanguage":"fr-FR","potentialAction":[{"@type":"ReadAction","target":["https:\/\/www.piecesenstock-impro.fr\/index.php\/la-compagnie\/"]}]},{"@type":"BreadcrumbList","@id":"https:\/\/www.piecesenstock-impro.fr\/index.php\/la-compagnie\/#breadcrumb","itemListElement":[{"@type":"ListItem","position":1,"name":"Accueil","item":"https:\/\/www.piecesenstock-impro.fr\/"},{"@type":"ListItem","position":2,"name":"La compagnie"}]},{"@type":"WebSite","@id":"https:\/\/www.piecesenstock-impro.fr\/#website","url":"https:\/\/www.piecesenstock-impro.fr\/","name":"Pieces en Stock","description":"Pes francheville","publisher":{"@id":"https:\/\/www.piecesenstock-impro.fr\/#organization"},"potentialAction":[{"@type":"SearchAction","target":{"@type":"EntryPoint","urlTemplate":"https:\/\/www.piecesenstock-impro.fr\/?s={search_term_string}"},"query-input":{"@type":"PropertyValueSpecification","valueRequired":true,"valueName":"search_term_string"}}],"inLanguage":"fr-FR"},{"@type":"Organization","@id":"https:\/\/www.piecesenstock-impro.fr\/#organization","name":"Pieces en Stock","url":"https:\/\/www.piecesenstock-impro.fr\/","logo":{"@type":"ImageObject","inLanguage":"fr-FR","@id":"https:\/\/www.piecesenstock-impro.fr\/#\/schema\/logo\/image\/","url":"https:\/\/www.piecesenstock-impro.fr\/wp-content\/uploads\/2025\/07\/cropped-Rech-LOGO-PES-2025.png","contentUrl":"https:\/\/www.piecesenstock-impro.fr\/wp-content\/uploads\/2025\/07\/cropped-Rech-LOGO-PES-2025.png","width":512,"height":512,"caption":"Pieces en Stock"},"image":{"@id":"https:\/\/www.piecesenstock-impro.fr\/#\/schema\/logo\/image\/"}}]}},"uagb_featured_image_src":{"full":false,"thumbnail":false,"medium":false,"medium_large":false,"large":false,"1536x1536":false,"2048x2048":false},"uagb_author_info":{"display_name":"PES","author_link":"https:\/\/www.piecesenstock-impro.fr\/index.php\/author\/admin-pes\/"},"uagb_comment_info":0,"uagb_excerpt":"Une association pour tous depuis 1999 Bas\u00e9e \u00e0 Francheville, du niveau d\u00e9butant \u00e0 celui de confirm\u00e9, Pi\u00e8ces en Stock enseigne cette discipline aux enfants, adolescents et adultes. Une association interg\u00e9n\u00e9rationnelle...","_links":{"self":[{"href":"https:\/\/www.piecesenstock-impro.fr\/index.php\/wp-json\/wp\/v2\/pages\/203","targetHints":{"allow":["GET"]}}],"collection":[{"href":"https:\/\/www.piecesenstock-impro.fr\/index.php\/wp-json\/wp\/v2\/pages"}],"about":[{"href":"https:\/\/www.piecesenstock-impro.fr\/index.php\/wp-json\/wp\/v2\/types\/page"}],"author":[{"embeddable":true,"href":"https:\/\/www.piecesenstock-impro.fr\/index.php\/wp-json\/wp\/v2\/users\/1"}],"replies":[{"embeddable":true,"href":"https:\/\/www.piecesenstock-impro.fr\/index.php\/wp-json\/wp\/v2\/comments?post=203"}],"version-history":[{"count":2,"href":"https:\/\/www.piecesenstock-impro.fr\/index.php\/wp-json\/wp\/v2\/pages\/203\/revisions"}],"predecessor-version":[{"id":902,"href":"https:\/\/www.piecesenstock-impro.fr\/index.php\/wp-json\/wp\/v2\/pages\/203\/revisions\/902"}],"wp:attachment":[{"href":"https:\/\/www.piecesenstock-impro.fr\/index.php\/wp-json\/wp\/v2\/media?parent=203"}],"curies":[{"name":"wp","href":"https:\/\/api.w.org\/{rel}","templated":true}]}}