{"id":209,"date":"2025-08-18T10:21:19","date_gmt":"2025-08-18T10:21:19","guid":{"rendered":"https:\/\/www.piecesenstock-impro.fr\/WordPress\/?page_id=209"},"modified":"2025-10-21T10:38:05","modified_gmt":"2025-10-21T08:38:05","slug":"contact","status":"publish","type":"page","link":"https:\/\/www.piecesenstock-impro.fr\/index.php\/contact\/","title":{"rendered":"Contact"},"content":{"rendered":"\n<div class=\"wp-block-uagb-container uagb-layout-flex uagb-block-443c8d6f default uagb-is-root-container\">\n<div class=\"wp-block-uagb-container uagb-block-4c38c98c\">\n<h2 class=\"wp-block-heading has-text-align-center has-large-font-size\">Formulaire de contact<\/h2>\n\n\n\n<div class=\"wp-block-uagb-forms uagb-forms__outer-wrap uagb-block-a7f44cea uagb-forms__medium-btn\"><form class=\"uagb-forms-main-form\" method=\"post\" autocomplete=\"on\" name=\"uagb-form-a7f44cea\">\n<div class=\"wp-block-uagb-forms-name uagb-forms-name-wrap uagb-forms-field-set uagb-block-591eead6\"><div class=\"uagb-forms-name-label required uagb-forms-input-label\" id=\"591eead6\">Pr\u00e9nom<\/div><input type=\"text\" placeholder=\"Pr\u00e9nom\" required class=\"uagb-forms-name-input uagb-forms-input\" name=\"591eead6\" autocomplete=\"given-name\"\/><\/div>\n\n\n\n<div class=\"wp-block-uagb-forms-name uagb-forms-name-wrap uagb-forms-field-set uagb-block-8a3ab8d7\"><div class=\"uagb-forms-name-label required uagb-forms-input-label\" id=\"8a3ab8d7\">Nom<\/div><input type=\"text\" placeholder=\"Nom\" required class=\"uagb-forms-name-input uagb-forms-input\" name=\"8a3ab8d7\" autocomplete=\"family-name\"\/><\/div>\n\n\n\n<div class=\"wp-block-uagb-forms-email uagb-forms-email-wrap uagb-forms-field-set uagb-block-fb0f7bd8\"><div class=\"uagb-forms-email-label required uagb-forms-input-label\" id=\"fb0f7bd8\">Email<\/div><input type=\"email\" class=\"uagb-forms-email-input uagb-forms-input\" placeholder=\"Adresse mail\" required name=\"fb0f7bd8\" autocomplete=\"email\"\/><\/div>\n\n\n\n<div class=\"wp-block-uagb-forms-textarea uagb-forms-textarea-wrap uagb-forms-field-set uagb-block-75907453\"><div class=\"uagb-forms-textarea-label required uagb-forms-input-label\" id=\"75907453\">Message<\/div><textarea required class=\"uagb-forms-textarea-input uagb-forms-input\" rows=\"4\" placeholder=\"Entrer votre message\" name=\"75907453\" autocomplete=\"off\"><\/textarea><\/div>\n<div class=\"uagb-forms-form-hidden-data\"><input type=\"hidden\" class=\"uagb_forms_form_label\" value=\"Spectra Form\"\/><input type=\"hidden\" class=\"uagb_forms_form_id\" value=\"uagb-form-a7f44cea\"\/><\/div><div class=\"uagb-form-reacaptcha-error-a7f44cea\"><\/div><div class=\"uagb-forms-main-submit-button-wrap wp-block-button\"><button class=\"uagb-forms-main-submit-button wp-block-button__link\"><div class=\"uagb-forms-main-submit-button-text\">Envoyer<\/div><\/button><\/div><\/form><div class=\"uagb-forms-success-message-a7f44cea uagb-forms-submit-message-hide\"><span>Le formulaire a \u00e9t\u00e9 soumis avec succ\u00e8s !<\/span><\/div><div class=\"uagb-forms-failed-message-a7f44cea uagb-forms-submit-message-hide\"><span>Une erreur s&rsquo;est produite lors de l&rsquo;envoi du formulaire. Veuillez v\u00e9rifier \u00e0 nouveau tous les champs du formulaire.<\/span><\/div><\/div>\n<\/div>\n\n\n\n<div class=\"wp-block-uagb-container uagb-layout-flex uagb-block-cec7cf73\"><\/div>\n\n\n\n<div class=\"wp-block-uagb-container uagb-layout-flex uagb-block-3a276890\">\n<h2 class=\"wp-block-heading has-text-align-left has-theme-palette-3-color has-text-color has-link-color has-large-font-size wp-elements-9c7642a970e5488e95ecb9c5d06864f4\">Pi\u00e8ces en stock<\/h2>\n\n\n\n<p class=\"has-text-align-left has-theme-palette-3-color has-text-color has-link-color has-medium-font-size wp-elements-191669e3a9baeb214cf55fdd7f452dd5\">1 Rue du Robert, <br>69340 Francheville<br><br><a href=\"http:\/\/0605142434\">0605142434<\/a><br><a href=\"mailto:contact@piecesenstock.fr\">contact@piecesenstock.fr<\/a><br><br><br><br><br><br><br><br><br><\/p>\n<\/div>\n<\/div>\n\n\n\n<p><\/p>\n","protected":false},"excerpt":{"rendered":"<p>Formulaire de contact Pi\u00e8ces en stock 1 Rue du Robert, 69340 Francheville 0605142434contact@piecesenstock.fr<\/p>\n","protected":false},"author":1,"featured_media":0,"parent":0,"menu_order":0,"comment_status":"closed","ping_status":"closed","template":"","meta":{"_acf_changed":false,"_uag_custom_page_level_css":"","_kadence_starter_templates_imported_post":false,"_swpsp_post_exclude":false,"_kad_post_transparent":"","_kad_post_title":"","_kad_post_layout":"","_kad_post_sidebar_id":"","_kad_post_content_style":"","_kad_post_vertical_padding":"","_kad_post_feature":"","_kad_post_feature_position":"","_kad_post_header":false,"_kad_post_footer":false,"_kad_post_classname":"","footnotes":""},"class_list":["post-209","page","type-page","status-publish","hentry"],"acf":[],"yoast_head":"<!-- This site is optimized with the Yoast SEO plugin v27.3 - https:\/\/yoast.com\/product\/yoast-seo-wordpress\/ -->\n<title>Contact - Pieces en Stock<\/title>\n<meta name=\"robots\" content=\"index, follow, max-snippet:-1, max-image-preview:large, max-video-preview:-1\" \/>\n<link rel=\"canonical\" href=\"https:\/\/www.piecesenstock-impro.fr\/index.php\/contact\/\" \/>\n<meta property=\"og:locale\" content=\"fr_FR\" \/>\n<meta property=\"og:type\" content=\"article\" \/>\n<meta property=\"og:title\" content=\"Contact - Pieces en Stock\" \/>\n<meta property=\"og:description\" content=\"Formulaire de contact Pi\u00e8ces en stock 1 Rue du Robert, 69340 Francheville 0605142434contact@piecesenstock.fr\" \/>\n<meta property=\"og:url\" content=\"https:\/\/www.piecesenstock-impro.fr\/index.php\/contact\/\" \/>\n<meta property=\"og:site_name\" content=\"Pieces en Stock\" \/>\n<meta property=\"article:modified_time\" content=\"2025-10-21T08:38:05+00:00\" \/>\n<meta name=\"twitter:card\" content=\"summary_large_image\" \/>\n<meta name=\"twitter:label1\" content=\"Dur\u00e9e de lecture estim\u00e9e\" \/>\n\t<meta name=\"twitter:data1\" content=\"1 minute\" \/>\n<script type=\"application\/ld+json\" class=\"yoast-schema-graph\">{\"@context\":\"https:\\\/\\\/schema.org\",\"@graph\":[{\"@type\":\"WebPage\",\"@id\":\"https:\\\/\\\/www.piecesenstock-impro.fr\\\/index.php\\\/contact\\\/\",\"url\":\"https:\\\/\\\/www.piecesenstock-impro.fr\\\/index.php\\\/contact\\\/\",\"name\":\"Contact - Pieces en Stock\",\"isPartOf\":{\"@id\":\"https:\\\/\\\/www.piecesenstock-impro.fr\\\/#website\"},\"datePublished\":\"2025-08-18T10:21:19+00:00\",\"dateModified\":\"2025-10-21T08:38:05+00:00\",\"breadcrumb\":{\"@id\":\"https:\\\/\\\/www.piecesenstock-impro.fr\\\/index.php\\\/contact\\\/#breadcrumb\"},\"inLanguage\":\"fr-FR\",\"potentialAction\":[{\"@type\":\"ReadAction\",\"target\":[\"https:\\\/\\\/www.piecesenstock-impro.fr\\\/index.php\\\/contact\\\/\"]}]},{\"@type\":\"BreadcrumbList\",\"@id\":\"https:\\\/\\\/www.piecesenstock-impro.fr\\\/index.php\\\/contact\\\/#breadcrumb\",\"itemListElement\":[{\"@type\":\"ListItem\",\"position\":1,\"name\":\"Accueil\",\"item\":\"https:\\\/\\\/www.piecesenstock-impro.fr\\\/\"},{\"@type\":\"ListItem\",\"position\":2,\"name\":\"Contact\"}]},{\"@type\":\"WebSite\",\"@id\":\"https:\\\/\\\/www.piecesenstock-impro.fr\\\/#website\",\"url\":\"https:\\\/\\\/www.piecesenstock-impro.fr\\\/\",\"name\":\"Pieces en Stock\",\"description\":\"Pes francheville\",\"publisher\":{\"@id\":\"https:\\\/\\\/www.piecesenstock-impro.fr\\\/#organization\"},\"potentialAction\":[{\"@type\":\"SearchAction\",\"target\":{\"@type\":\"EntryPoint\",\"urlTemplate\":\"https:\\\/\\\/www.piecesenstock-impro.fr\\\/?s={search_term_string}\"},\"query-input\":{\"@type\":\"PropertyValueSpecification\",\"valueRequired\":true,\"valueName\":\"search_term_string\"}}],\"inLanguage\":\"fr-FR\"},{\"@type\":\"Organization\",\"@id\":\"https:\\\/\\\/www.piecesenstock-impro.fr\\\/#organization\",\"name\":\"Pieces en Stock\",\"url\":\"https:\\\/\\\/www.piecesenstock-impro.fr\\\/\",\"logo\":{\"@type\":\"ImageObject\",\"inLanguage\":\"fr-FR\",\"@id\":\"https:\\\/\\\/www.piecesenstock-impro.fr\\\/#\\\/schema\\\/logo\\\/image\\\/\",\"url\":\"https:\\\/\\\/www.piecesenstock-impro.fr\\\/wp-content\\\/uploads\\\/2025\\\/07\\\/cropped-Rech-LOGO-PES-2025.png\",\"contentUrl\":\"https:\\\/\\\/www.piecesenstock-impro.fr\\\/wp-content\\\/uploads\\\/2025\\\/07\\\/cropped-Rech-LOGO-PES-2025.png\",\"width\":512,\"height\":512,\"caption\":\"Pieces en Stock\"},\"image\":{\"@id\":\"https:\\\/\\\/www.piecesenstock-impro.fr\\\/#\\\/schema\\\/logo\\\/image\\\/\"}}]}<\/script>\n<!-- \/ Yoast SEO plugin. -->","yoast_head_json":{"title":"Contact - Pieces en Stock","robots":{"index":"index","follow":"follow","max-snippet":"max-snippet:-1","max-image-preview":"max-image-preview:large","max-video-preview":"max-video-preview:-1"},"canonical":"https:\/\/www.piecesenstock-impro.fr\/index.php\/contact\/","og_locale":"fr_FR","og_type":"article","og_title":"Contact - Pieces en Stock","og_description":"Formulaire de contact Pi\u00e8ces en stock 1 Rue du Robert, 69340 Francheville 0605142434contact@piecesenstock.fr","og_url":"https:\/\/www.piecesenstock-impro.fr\/index.php\/contact\/","og_site_name":"Pieces en Stock","article_modified_time":"2025-10-21T08:38:05+00:00","twitter_card":"summary_large_image","twitter_misc":{"Dur\u00e9e de lecture estim\u00e9e":"1 minute"},"schema":{"@context":"https:\/\/schema.org","@graph":[{"@type":"WebPage","@id":"https:\/\/www.piecesenstock-impro.fr\/index.php\/contact\/","url":"https:\/\/www.piecesenstock-impro.fr\/index.php\/contact\/","name":"Contact - Pieces en Stock","isPartOf":{"@id":"https:\/\/www.piecesenstock-impro.fr\/#website"},"datePublished":"2025-08-18T10:21:19+00:00","dateModified":"2025-10-21T08:38:05+00:00","breadcrumb":{"@id":"https:\/\/www.piecesenstock-impro.fr\/index.php\/contact\/#breadcrumb"},"inLanguage":"fr-FR","potentialAction":[{"@type":"ReadAction","target":["https:\/\/www.piecesenstock-impro.fr\/index.php\/contact\/"]}]},{"@type":"BreadcrumbList","@id":"https:\/\/www.piecesenstock-impro.fr\/index.php\/contact\/#breadcrumb","itemListElement":[{"@type":"ListItem","position":1,"name":"Accueil","item":"https:\/\/www.piecesenstock-impro.fr\/"},{"@type":"ListItem","position":2,"name":"Contact"}]},{"@type":"WebSite","@id":"https:\/\/www.piecesenstock-impro.fr\/#website","url":"https:\/\/www.piecesenstock-impro.fr\/","name":"Pieces en Stock","description":"Pes francheville","publisher":{"@id":"https:\/\/www.piecesenstock-impro.fr\/#organization"},"potentialAction":[{"@type":"SearchAction","target":{"@type":"EntryPoint","urlTemplate":"https:\/\/www.piecesenstock-impro.fr\/?s={search_term_string}"},"query-input":{"@type":"PropertyValueSpecification","valueRequired":true,"valueName":"search_term_string"}}],"inLanguage":"fr-FR"},{"@type":"Organization","@id":"https:\/\/www.piecesenstock-impro.fr\/#organization","name":"Pieces en Stock","url":"https:\/\/www.piecesenstock-impro.fr\/","logo":{"@type":"ImageObject","inLanguage":"fr-FR","@id":"https:\/\/www.piecesenstock-impro.fr\/#\/schema\/logo\/image\/","url":"https:\/\/www.piecesenstock-impro.fr\/wp-content\/uploads\/2025\/07\/cropped-Rech-LOGO-PES-2025.png","contentUrl":"https:\/\/www.piecesenstock-impro.fr\/wp-content\/uploads\/2025\/07\/cropped-Rech-LOGO-PES-2025.png","width":512,"height":512,"caption":"Pieces en Stock"},"image":{"@id":"https:\/\/www.piecesenstock-impro.fr\/#\/schema\/logo\/image\/"}}]}},"uagb_featured_image_src":{"full":false,"thumbnail":false,"medium":false,"medium_large":false,"large":false,"1536x1536":false,"2048x2048":false},"uagb_author_info":{"display_name":"PES","author_link":"https:\/\/www.piecesenstock-impro.fr\/index.php\/author\/admin-pes\/"},"uagb_comment_info":0,"uagb_excerpt":"Formulaire de contact Pi\u00e8ces en stock 1 Rue du Robert, 69340 Francheville 0605142434contact@piecesenstock.fr","_links":{"self":[{"href":"https:\/\/www.piecesenstock-impro.fr\/index.php\/wp-json\/wp\/v2\/pages\/209","targetHints":{"allow":["GET"]}}],"collection":[{"href":"https:\/\/www.piecesenstock-impro.fr\/index.php\/wp-json\/wp\/v2\/pages"}],"about":[{"href":"https:\/\/www.piecesenstock-impro.fr\/index.php\/wp-json\/wp\/v2\/types\/page"}],"author":[{"embeddable":true,"href":"https:\/\/www.piecesenstock-impro.fr\/index.php\/wp-json\/wp\/v2\/users\/1"}],"replies":[{"embeddable":true,"href":"https:\/\/www.piecesenstock-impro.fr\/index.php\/wp-json\/wp\/v2\/comments?post=209"}],"version-history":[{"count":46,"href":"https:\/\/www.piecesenstock-impro.fr\/index.php\/wp-json\/wp\/v2\/pages\/209\/revisions"}],"predecessor-version":[{"id":568,"href":"https:\/\/www.piecesenstock-impro.fr\/index.php\/wp-json\/wp\/v2\/pages\/209\/revisions\/568"}],"wp:attachment":[{"href":"https:\/\/www.piecesenstock-impro.fr\/index.php\/wp-json\/wp\/v2\/media?parent=209"}],"curies":[{"name":"wp","href":"https:\/\/api.w.org\/{rel}","templated":true}]}}